{"id":33,"date":"2022-07-06T00:13:15","date_gmt":"2022-07-06T00:13:15","guid":{"rendered":"https:\/\/total.wpexplorer.com\/biz\/?page_id=33"},"modified":"2024-07-31T20:25:09","modified_gmt":"2024-07-31T20:25:09","slug":"services","status":"publish","type":"page","link":"https:\/\/illus.digital\/index.php\/services\/","title":{"rendered":"Services"},"content":{"rendered":"<div class=\"wpb-content-wrapper\">[vc_row remove_bottom_col_margin=\u00bbtrue\u00bb][vc_column]<div class=\"wpex-template-shortcode\">[vc_row remove_bottom_col_margin=\u00bbtrue\u00bb][vc_column]<style> style=\"height:clamp(60px, 7vmax, 120px);\"<\/style><div class=\"vcex-spacing wpex-w-100 wpex-clear\" style=\"height:clamp(60px, 7vmax, 120px);\"><\/div>[\/vc_column][\/vc_row]\n<\/div>[\/vc_column][\/vc_row][vc_row][vc_column]<style>.vcex-heading.vcex_69dfe7b916c16{font-size:clamp(34px, 4vmax, 60px);}<\/style><h1 class=\"vcex-heading vcex-heading-plain vcex-module wpex-heading wpex-text-2xl wpex-text-center vcex_69dfe7b916c16\"><span class=\"vcex-heading-inner wpex-inline-block\">Nuestros Servicios<\/span><\/h1><style> style=\"height:5vmax;\"<\/style><div class=\"vcex-spacing wpex-w-100 wpex-clear\" style=\"height:5vmax;\"><\/div><div class=\"vcex-grid-container vcex-module wpex-grid wpex-gap-20 wpex-mx-auto wpex-grid-cols-1 wpex-sm-grid-cols-2\" style=\"gap:clamp(30px, 5vmax, 50px);max-width:1050px;\"><div class=\"vcex-module vcex-icon-box vcex-icon-box-four wpex-block wpex-text-center wpex-p-30 wpex-bordered\"><div class=\"vcex-icon-box-symbol wpex-mb-20\"><img loading=\"lazy\" class=\"vcex-icon-box-image wpex-align-middle\" style=\"width:300px;\" decoding=\"async\" src=\"https:\/\/illus.digital\/wp-content\/uploads\/2024\/04\/demo_1-300x202.jpg\" alt=\"\" srcset=\"https:\/\/illus.digital\/wp-content\/uploads\/2024\/04\/demo_1-300x202.jpg 300w, https:\/\/illus.digital\/wp-content\/uploads\/2024\/04\/demo_1.jpg 429w\" width=\"300\" height=\"202\"><\/div><div class=\"vcex-icon-box-text\"><h2 class=\"vcex-icon-box-heading wpex-heading\" style=\"color:#dd3333;--wpex-hover-heading-link-color:#dd3333;font-size:var(--wpex-text-2xl);margin-bottom:20px;\">Cursos en modalidad online<\/h2><div class=\"vcex-icon-box-content wpex-last-mb-0 wpex-clr\"><p><span style=\"font-weight: 300\">Dise\u00f1amos y ejecutamos cursos en l\u00ednea que abarcan desde pregrado hasta postgrado y formaci\u00f3n profesional. <\/span><span style=\"font-weight: 300\"><br \/>\n<\/span><span style=\"font-weight: 300\">Estos cursos est\u00e1n estructurados para ofrecer una experiencia de aprendizaje flexible y accesible, utilizando plataformas LMS (Learning Management System) como Moodle, Blackboard y Canvas.<\/span><span style=\"font-weight: 300\"><br \/>\n<\/span><\/p>\n<\/div><\/div><\/div><div class=\"vcex-module vcex-icon-box vcex-icon-box-four wpex-block wpex-text-center wpex-p-30 wpex-bordered\"><div class=\"vcex-icon-box-symbol wpex-mb-20\"><img loading=\"lazy\" class=\"vcex-icon-box-image wpex-align-middle\" style=\"width:300px;\" decoding=\"async\" src=\"https:\/\/illus.digital\/wp-content\/uploads\/2024\/07\/side-view-people-with-vr-glasses-scaled-300x200.jpg\" alt=\"\" srcset=\"https:\/\/illus.digital\/wp-content\/uploads\/2024\/07\/side-view-people-with-vr-glasses-scaled-300x200.jpg 300w, https:\/\/illus.digital\/wp-content\/uploads\/2024\/07\/side-view-people-with-vr-glasses-1024x683.jpg 1024w, https:\/\/illus.digital\/wp-content\/uploads\/2024\/07\/side-view-people-with-vr-glasses-768x512.jpg 768w, https:\/\/illus.digital\/wp-content\/uploads\/2024\/07\/side-view-people-with-vr-glasses-1536x1024.jpg 1536w, https:\/\/illus.digital\/wp-content\/uploads\/2024\/07\/side-view-people-with-vr-glasses-2048x1365.jpg 2048w, https:\/\/illus.digital\/wp-content\/uploads\/2024\/07\/side-view-people-with-vr-glasses-1320x880.jpg 1320w\" width=\"300\" height=\"200\"><\/div><div class=\"vcex-icon-box-text\"><h2 class=\"vcex-icon-box-heading wpex-heading\" style=\"color:#dd3333;--wpex-hover-heading-link-color:#dd3333;font-size:var(--wpex-text-2xl);margin-bottom:20px;\">Simulaciones Interactivas<\/h2><div class=\"vcex-icon-box-content wpex-last-mb-0 wpex-clr\"><p><span style=\"font-weight: 300\">Desarrollamos simulaciones que permiten a los estudiantes practicar y aplicar sus conocimientos en entornos controlados y realistas. Estas herramientas son ideales para la formaci\u00f3n pr\u00e1ctica en \u00e1reas como la medicina, la ingenier\u00eda y la gesti\u00f3n empresarial.<\/span><\/p>\n<\/div><\/div><\/div><div class=\"vcex-module vcex-icon-box vcex-icon-box-four wpex-block wpex-text-center wpex-p-30 wpex-bordered\"><div class=\"vcex-icon-box-symbol wpex-mb-20\"><img loading=\"lazy\" class=\"vcex-icon-box-image wpex-align-middle\" style=\"width:300px;\" decoding=\"async\" src=\"https:\/\/illus.digital\/wp-content\/uploads\/2024\/07\/RA-1-300x200.png\" alt=\"\" srcset=\"https:\/\/illus.digital\/wp-content\/uploads\/2024\/07\/RA-1-300x200.png 300w, https:\/\/illus.digital\/wp-content\/uploads\/2024\/07\/RA-1.png 374w\" width=\"300\" height=\"200\"><\/div><div class=\"vcex-icon-box-text\"><h2 class=\"vcex-icon-box-heading wpex-heading\" style=\"color:#dd3333;--wpex-hover-heading-link-color:#dd3333;font-size:var(--wpex-text-2xl);margin-bottom:20px;\">Realidad Aumentada y Realidad Virtual<\/h2><div class=\"vcex-icon-box-content wpex-last-mb-0 wpex-clr\"><p><span style=\"font-weight: 300\">Creamos experiencias inmersivas que utilizan la realidad aumentada (AR) y la realidad virtual (VR) para enriquecer el proceso de aprendizaje. Estos productos permiten a los estudiantes explorar y experimentar en entornos simulados, mejorando la comprensi\u00f3n y retenci\u00f3n de conocimientos.<\/span><span style=\"font-weight: 300\"><br \/>\n<\/span><\/p>\n<\/div><\/div><\/div><div class=\"vcex-module vcex-icon-box vcex-icon-box-four wpex-block wpex-text-center wpex-p-30 wpex-bordered\"><div class=\"vcex-icon-box-symbol wpex-mb-20\"><img loading=\"lazy\" class=\"vcex-icon-box-image wpex-align-middle\" style=\"width:300px;\" decoding=\"async\" src=\"https:\/\/illus.digital\/wp-content\/uploads\/2024\/07\/Microcapsulas2-300x200.png\" alt=\"\" srcset=\"https:\/\/illus.digital\/wp-content\/uploads\/2024\/07\/Microcapsulas2-300x200.png 300w, https:\/\/illus.digital\/wp-content\/uploads\/2024\/07\/Microcapsulas2-768x512.png 768w, https:\/\/illus.digital\/wp-content\/uploads\/2024\/07\/Microcapsulas2.png 1000w\" width=\"300\" height=\"200\"><\/div><div class=\"vcex-icon-box-text\"><h2 class=\"vcex-icon-box-heading wpex-heading\" style=\"color:#dd3333;--wpex-hover-heading-link-color:#dd3333;font-size:var(--wpex-text-2xl);margin-bottom:20px;\">Microc\u00e1psulas de Aprendizaje<\/h2><div class=\"vcex-icon-box-content wpex-last-mb-0 wpex-clr\"><p><span style=\"font-weight: 300\">Ofrecemos lecciones cortas y concisas que se pueden completar en menos de 15 minutos. Estas microc\u00e1psulas son ideales para el aprendizaje r\u00e1pido y enfocado, permitiendo a los estudiantes adquirir conocimientos y habilidades espec\u00edficas de manera eficiente.<\/span><span style=\"font-weight: 300\"><br \/>\n<\/span><\/p>\n<\/div><\/div><\/div><div class=\"vcex-module vcex-icon-box vcex-icon-box-four wpex-block wpex-text-center wpex-p-30 wpex-bordered\"><div class=\"vcex-icon-box-symbol wpex-mb-20\"><img loading=\"lazy\" class=\"vcex-icon-box-image wpex-align-middle\" style=\"width:300px;\" decoding=\"async\" src=\"https:\/\/illus.digital\/wp-content\/uploads\/2024\/07\/shutterstock_2156236873-1-300x200.jpg\" alt=\"\" srcset=\"https:\/\/illus.digital\/wp-content\/uploads\/2024\/07\/shutterstock_2156236873-1-300x200.jpg 300w, https:\/\/illus.digital\/wp-content\/uploads\/2024\/07\/shutterstock_2156236873-1.jpg 534w\" width=\"300\" height=\"200\"><\/div><div class=\"vcex-icon-box-text\"><h2 class=\"vcex-icon-box-heading wpex-heading\" style=\"color:#dd3333;--wpex-hover-heading-link-color:#dd3333;font-size:var(--wpex-text-2xl);margin-bottom:20px;\">Podcasts Educativos<\/h2><div class=\"vcex-icon-box-content wpex-last-mb-0 wpex-clr\"><p><span style=\"font-weight: 300\">Producimos podcasts de alta calidad t\u00e9cnica y contenido educativo relevante. Estos archivos de audio son una herramienta efectiva para la educaci\u00f3n continua y pueden ser accedidos f\u00e1cilmente en plataformas digitales como Spotify.<\/span><span style=\"font-weight: 300\"><br \/>\n<\/span><\/p>\n<\/div><\/div><\/div><div class=\"vcex-module vcex-icon-box vcex-icon-box-four wpex-block wpex-text-center wpex-p-30 wpex-bordered\"><div class=\"vcex-icon-box-symbol wpex-mb-20\"><img loading=\"lazy\" class=\"vcex-icon-box-image wpex-align-middle\" style=\"width:300px;\" decoding=\"async\" src=\"https:\/\/illus.digital\/wp-content\/uploads\/2024\/07\/Juego_interactivo-300x200.png\" alt=\"\" srcset=\"https:\/\/illus.digital\/wp-content\/uploads\/2024\/07\/Juego_interactivo-300x200.png 300w, https:\/\/illus.digital\/wp-content\/uploads\/2024\/07\/Juego_interactivo.png 534w\" width=\"300\" height=\"200\"><\/div><div class=\"vcex-icon-box-text\"><h2 class=\"vcex-icon-box-heading wpex-heading\" style=\"color:#dd3333;--wpex-hover-heading-link-color:#dd3333;font-size:var(--wpex-text-2xl);margin-bottom:20px;\">Juegos Educativos<\/h2><div class=\"vcex-icon-box-content wpex-last-mb-0 wpex-clr\"><p><span style=\"font-weight: 300\">Desarrollamos juegos interactivos que hacen del aprendizaje una experiencia divertida y motivadora. Estos juegos son especialmente efectivos para la capacitaci\u00f3n en \u00e1reas que requieren la aplicaci\u00f3n pr\u00e1ctica de conocimientos.<\/span><\/p>\n<\/div><\/div><\/div><\/div>[\/vc_column][\/vc_row][vc_row remove_bottom_col_margin=\u00bbtrue\u00bb][vc_column]<div class=\"wpex-template-shortcode\">[vc_row remove_bottom_col_margin=\u00bbtrue\u00bb][vc_column]<style> style=\"height:clamp(60px, 7vmax, 120px);\"<\/style><div class=\"vcex-spacing wpex-w-100 wpex-clear\" style=\"height:clamp(60px, 7vmax, 120px);\"><\/div>[\/vc_column][\/vc_row]\n<\/div>[\/vc_column][\/vc_row][vc_row][vc_column][vc_column_text font_weight=\u00bb500&#8243; font_size=\u00bbclamp(30px, 4vmax, 50px)\u00bb line_height=\u00bbnormal\u00bb text_align=\u00bbcenter\u00bb el_class=\u00bbtl-services-cta\u00bb]\u00bfQu\u00e9 est\u00e1s esperando?<br> <a href=\"https:\/\/illus.digital\/index.php\/contact\/\">Cont\u00e1ctanos<\/a>[\/vc_column_text][\/vc_column][\/vc_row]\n<\/div>","protected":false},"excerpt":{"rendered":"<p>[vc_row remove_bottom_col_margin=\u00bbtrue\u00bb][vc_column][\/vc_column][\/vc_row][vc_row][vc_column][\/vc_column][\/vc_row][vc_row remove_bottom_col_margin=\u00bbtrue\u00bb][vc_column][\/vc_column][\/vc_row][vc_row][vc_column][vc_column_text font_weight=\u00bb500&#8243; font_size=\u00bbclamp(30px, 4vmax, 50px)\u00bb line_height=\u00bbnormal\u00bb text_align=\u00bbcenter\u00bb el_class=\u00bbtl-services-cta\u00bb]\u00bfQu\u00e9 est\u00e1s esperando? Cont\u00e1ctanos[\/vc_column_text][\/vc_column][\/vc_row]<\/p>\n","protected":false},"author":1,"featured_media":0,"parent":0,"menu_order":0,"comment_status":"closed","ping_status":"closed","template":"","meta":{"footnotes":""},"class_list":["post-33","page","type-page","status-publish","hentry","entry","no-media"],"_links":{"self":[{"href":"https:\/\/illus.digital\/index.php\/wp-json\/wp\/v2\/pages\/33","targetHints":{"allow":["GET"]}}],"collection":[{"href":"https:\/\/illus.digital\/index.php\/wp-json\/wp\/v2\/pages"}],"about":[{"href":"https:\/\/illus.digital\/index.php\/wp-json\/wp\/v2\/types\/page"}],"author":[{"embeddable":true,"href":"https:\/\/illus.digital\/index.php\/wp-json\/wp\/v2\/users\/1"}],"replies":[{"embeddable":true,"href":"https:\/\/illus.digital\/index.php\/wp-json\/wp\/v2\/comments?post=33"}],"version-history":[{"count":17,"href":"https:\/\/illus.digital\/index.php\/wp-json\/wp\/v2\/pages\/33\/revisions"}],"predecessor-version":[{"id":483,"href":"https:\/\/illus.digital\/index.php\/wp-json\/wp\/v2\/pages\/33\/revisions\/483"}],"wp:attachment":[{"href":"https:\/\/illus.digital\/index.php\/wp-json\/wp\/v2\/media?parent=33"}],"curies":[{"name":"wp","href":"https:\/\/api.w.org\/{rel}","templated":true}]}}